{"id":18,"date":"2019-02-02T20:20:57","date_gmt":"2019-02-02T19:20:57","guid":{"rendered":"http:\/\/xn--jean-svaux-g7a.fr\/?page_id=18"},"modified":"2019-02-08T18:11:59","modified_gmt":"2019-02-08T17:11:59","slug":"contact","status":"publish","type":"page","link":"https:\/\/xn--jean-svaux-g7a.fr\/index.php\/contact\/","title":{"rendered":"Contact"},"content":{"rendered":"\n<p>Nous r\u00e9pondrons volontiers \u00e0 vos questions et remarques, pour nous joindre \u00e9crivez-nous sur l&rsquo;adresse <strong>mariechristineetjean@free.fr<\/strong><\/p>\n\n\n\n<p>Pour des questions sur le site \u00e9crire \u00e0 <strong>postmaster@jean-s\u00e9vaux.fr <\/strong><\/p>\n","protected":false},"excerpt":{"rendered":"<p>Nous r\u00e9pondrons volontiers \u00e0 vos questions et remarques, pour nous joindre \u00e9crivez-nous sur l&rsquo;adresse mariechristineetjean@free.fr Pour des questions sur le site \u00e9crire \u00e0 postmaster@jean-s\u00e9vaux.fr<\/p>\n","protected":false},"author":1,"featured_media":13,"parent":0,"menu_order":0,"comment_status":"closed","ping_status":"closed","template":"","meta":{"footnotes":""},"class_list":["post-18","page","type-page","status-publish","has-post-thumbnail","hentry","nodate","item-wrap"],"_links":{"self":[{"href":"https:\/\/xn--jean-svaux-g7a.fr\/index.php\/wp-json\/wp\/v2\/pages\/18","targetHints":{"allow":["GET"]}}],"collection":[{"href":"https:\/\/xn--jean-svaux-g7a.fr\/index.php\/wp-json\/wp\/v2\/pages"}],"about":[{"href":"https:\/\/xn--jean-svaux-g7a.fr\/index.php\/wp-json\/wp\/v2\/types\/page"}],"author":[{"embeddable":true,"href":"https:\/\/xn--jean-svaux-g7a.fr\/index.php\/wp-json\/wp\/v2\/users\/1"}],"replies":[{"embeddable":true,"href":"https:\/\/xn--jean-svaux-g7a.fr\/index.php\/wp-json\/wp\/v2\/comments?post=18"}],"version-history":[{"count":2,"href":"https:\/\/xn--jean-svaux-g7a.fr\/index.php\/wp-json\/wp\/v2\/pages\/18\/revisions"}],"predecessor-version":[{"id":281,"href":"https:\/\/xn--jean-svaux-g7a.fr\/index.php\/wp-json\/wp\/v2\/pages\/18\/revisions\/281"}],"wp:featuredmedia":[{"embeddable":true,"href":"https:\/\/xn--jean-svaux-g7a.fr\/index.php\/wp-json\/wp\/v2\/media\/13"}],"wp:attachment":[{"href":"https:\/\/xn--jean-svaux-g7a.fr\/index.php\/wp-json\/wp\/v2\/media?parent=18"}],"curies":[{"name":"wp","href":"https:\/\/api.w.org\/{rel}","templated":true}]}}